{"id":2322,"date":"2026-01-13T00:58:59","date_gmt":"2026-01-13T00:58:59","guid":{"rendered":"https:\/\/www.isakiprovidencial.com\/?page_id=2322"},"modified":"2026-01-15T15:42:15","modified_gmt":"2026-01-15T21:42:15","slug":"inicio","status":"publish","type":"page","link":"https:\/\/www.isakiprovidencial.com\/","title":{"rendered":"Inicio"},"content":{"rendered":"<div class=\"wpb-content-wrapper\"><p>[vc_row full_width=\u00bbstretch_row_content_no_spaces\u00bb css=\u00bb.vc_custom_1768346804717{padding-right: 0px !important;padding-left: 0px !important;}\u00bb el_id=\u00bbinicio\u00bb][vc_column css=\u00bb.vc_custom_1545907131529{margin-bottom: 0px !important;padding-right: 0px !important;padding-left: 0px !important;}\u00bb]\n<script>\n  jQuery(document).ready(function() {\n    \/\/ mainSlider\n    function mainSlider() {\n        var BasicSlider = jQuery('.slider-activee');\n        BasicSlider.on('init', function (e, slick) {\n            var $firstAnimatingElements = jQuery('.single-slider:first-child').find('[data-animation]');\n            doAnimations($firstAnimatingElements);\n        });\n        BasicSlider.on('beforeChange', function (e, slick, currentSlide, nextSlide) {\n            var $animatingElements = jQuery('.single-slider[data-slick-index=\"' + nextSlide + '\"]').find('[data-animation]');\n            doAnimations($animatingElements);\n        });\n        BasicSlider.slick({\n            autoplay: true,\n            autoplaySpeed: 10000,\n            dots: true,\n            fade: true,\n            arrows: false,\n            prevArrow: '<button type=\"button\" class=\"slick-prev\"><i class=\"fa fa-angle-left\"><\/i><\/button>',\n            nextArrow: '<button type=\"button\" class=\"slick-next\"><i class=\"fa fa-angle-right\"><\/i><\/button>',\n            responsive: [\n                { breakpoint: 767, settings: { dots: false, arrows: false } }\n            ]\n        });\n\n        function doAnimations(elements) {\n            var animationEndEvents = 'webkitAnimationEnd mozAnimationEnd MSAnimationEnd oanimationend animationend';\n            elements.each(function () {\n                var $this = jQuery(this);\n                var $animationDelay = $this.data('delay');\n                var $animationType = 'animated ' + $this.data('animation');\n                $this.css({\n                    'animation-delay': $animationDelay,\n                    '-webkit-animation-delay': $animationDelay\n                });\n                $this.addClass($animationType).one(animationEndEvents, function () {\n                    $this.removeClass($animationType);\n                });\n            });\n        }\n    }\n    mainSlider();\n\n  });\n<\/script>\n\n\n<style type=\"text\/css\">\n  .bg-black-overlay:before{\n    background: #061538;\n    opacity: 0.8;\n  }\n  .bg-black-overlay-two:before{\n    background: #061538;\n    opacity: 0.8;\n  }\n  .bg-black-overlay-three:before{\n    background: #061538;\n    opacity: 0.8;\n  }\n<\/style>\n\n\n    <!-- h1 slider area -->\n    <section class=\"slider-area-wrap\">\n      <div class=\"slider-activee\">\n        \n        <div class=\"single-slider bg-black-overlay d-flex align-items-center\" style=\"background-image:url(https:\/\/www.isakiprovidencial.com\/wp-content\/uploads\/2026\/01\/slide_1.jpg)\">\n          <div class=\"container\">\n            <div class=\"row\">\n              <div class=\"col-lg-12 col-12 text-left\">\n                <div class=\"slider-content\">\n                  <h3 data-animation=\"fadeInUp\" data-delay=\".2s\"><span class=\"activeColor\">Bienvenido a<\/span> <\/h3>                  <h2 data-animation=\"fadeInUp\" data-delay=\".4s\">Isaki Providencial<\/h2>\n                  <p data-animation=\"fadeInUp\" data-delay=\".6s\">Contamos con un equipo de especialistas en los temas para ayudarte a renacer<br\/>\n\u00a1No est\u00e1s solo!<\/p>\n                <\/div>\n                <div class=\"slider-buttons\">\n                  <a class=\"link btn btn-primary\" href=\"#nosotros\" data-animation=\"fadeInUp\" data-delay=\".8s\">Nosotros<\/a>                  <a class=\"link btn btn-primary activeBorder\" href=\"#servicios\" data-animation=\"fadeInUp\" data-delay=\"1s\">Servicios<\/a>                <\/div>\n              <\/div>\n            <\/div>\n          <\/div>\n        <\/div>\n\n        \n        <div class=\"single-slider bg-black-overlay d-flex align-items-center\" style=\"background-image:url(https:\/\/www.isakiprovidencial.com\/wp-content\/uploads\/2026\/01\/slide_2.jpg)\">\n          <div class=\"container\">\n            <div class=\"row\">\n              <div class=\"col-lg-12 col-12 text-center\">\n                <div class=\"slider-content\">\n                  <h3 data-animation=\"fadeInUp\" data-delay=\".2s\"><span class=\"activeColor\">Juntos Hacia<\/span> Una Vida<\/h3>                  <h2 data-animation=\"fadeInUp\" data-delay=\".4s\">Sin Adicciones<\/h2>\n                  <p data-animation=\"fadeInUp\" data-delay=\".6s\">En Isaki te ayudamos a descubrir la <br>\nesperanza de una vida sin adicciones.<\/p>\n                <\/div>\n                <div class=\"slider-buttons\">\n                  <a class=\"link btn btn-primary\" href=\"#nosotros\" data-animation=\"fadeInUp\" data-delay=\".8s\">Nosotros<\/a>                  <a class=\"link btn btn-primary activeBorder\" href=\"#contacto\" data-animation=\"fadeInUp\" data-delay=\"1s\">Contacto<\/a>                <\/div>\n              <\/div>\n            <\/div>\n          <\/div>\n        <\/div>\n\n        \n        <div class=\"single-slider bg-black-overlay d-flex align-items-center\" style=\"background-image:url(https:\/\/www.isakiprovidencial.com\/wp-content\/uploads\/2026\/01\/slide_3-1.jpg)\">\n          <div class=\"container\">\n            <div class=\"row\">\n              <div class=\"col-lg-12 col-12 text-right\">\n                <div class=\"slider-content\">\n                  <h3 data-animation=\"fadeInUp\" data-delay=\".2s\"><span class=\"activeColor\">Puedes<\/span> Empezar<\/h3>                  <h2 data-animation=\"fadeInUp\" data-delay=\".4s\">De Nuevo !<\/h2>\n                  <p data-animation=\"fadeInUp\" data-delay=\".6s\">M\u00e1s que una cl\u00ednica,<br\/>\nS\u00f3mos una familia.<\/p>\n                <\/div>\n                <div class=\"slider-buttons\">\n                  <a class=\"link btn btn-primary\" href=\"#servicios\" data-animation=\"fadeInUp\" data-delay=\".8s\">Servicios<\/a>                  <a class=\"link btn btn-primary activeBorder\" href=\"#contacto\" data-animation=\"fadeInUp\" data-delay=\"1s\">Contacto<\/a>                <\/div>\n              <\/div>\n            <\/div>\n          <\/div>\n        <\/div>\n\n              <\/div>\n    <\/section>\n    <!-- End h1 slider area -->\n    [\/vc_column][\/vc_row][vc_row css=\u00bb.vc_custom_1768346822953{padding-top: 100px !important;padding-bottom: 66px !important;}\u00bb el_class=\u00bbresponsive-cols\u00bb el_id=\u00bbnosotros\u00bb][vc_column width=\u00bb1\/2&#8243; el_id=\u00bbpromo-images\u00bb el_class=\u00bbpromo-images\u00bb][vc_single_image image=\u00bb2348&#8243; img_size=\u00bbfull\u00bb css_animation=\u00bbfadeInLeft\u00bb css=\u00bb\u00bb el_class=\u00bbrespons-cols\u00bb][\/vc_column][vc_column width=\u00bb1\/2&#8243; css=\u00bb.vc_custom_1547117873834{padding-top: 37px !important;}\u00bb el_class=\u00bbwelcome-area-section\u00bb]\n    <div class=\" dustrial-stitle-69e46cd275d25 section-title  wow fadeInUp\">\n              <div class=\"section-thumb\"><img decoding=\"async\" src=\"https:\/\/www.isakiprovidencial.com\/wp-content\/uploads\/2019\/01\/title-icon-1-2.png\" alt=\"title icon\"><\/div>\n            <div class=\"section-body \">\n        <h6 class=\"sub-title activeColor\">Bienevenido a<\/h6>\n        <h3 class=\"m-0 main-title\">Isaki Providencial<\/h3>\n      <\/div>\n    <\/div>\n\n  [vc_row_inner css=\u00bb.vc_custom_1544253842356{padding-top: 7px !important;}\u00bb][vc_column_inner][vc_column_text css=\u00bb\u00bb]<\/p>\n<p style=\"text-align: justify;\">En Isaki Providencial creemos que s\u00ed es posible comenzar de nuevo.<\/p>\n<p style=\"text-align: justify;\">Somos una cl\u00ednica de rehabilitaci\u00f3n ubicada en Aguascalientes especializada en el tratamiento de adicciones y problemas de salud mental. Nuestro enfoque se basa en la empat\u00eda, el profesionalismo y la atenci\u00f3n personalizada. Cada paciente es recibido como una historia \u00fanica que merece ser escuchada, atendida y acompa\u00f1ada con respeto, dignidad y humanidad.<\/p>\n<p style=\"text-align: justify;\">Con un equipo multidisciplinario y un entorno seguro, trabajamos con metodolog\u00edas comprobadas y herramientas terap\u00e9uticas integrales que favorecen una verdadera transformaci\u00f3n personal.<\/p>\n<p style=\"text-align: justify;\">M\u00e1s que un centro de rehabilitaci\u00f3n, somos un nuevo comienzo.<\/p>\n<p>[\/vc_column_text][\/vc_column_inner][\/vc_row_inner][vc_separator css_animation=\u00bbfadeInUp\u00bb css=\u00bb.vc_custom_1545762335203{margin-top: 15px !important;margin-bottom: 10px !important;}\u00bb][vc_row_inner el_class=\u00bbwork-counter\u00bb][vc_column_inner width=\u00bb1\/3&#8243;]\n    <div class=\"dustrial-picons-69e46cd275e72 text-center featured-item wow fadeInUp\">\n            <div class=\"featured-icon\">\n        <i class=\"dustrial-icon fa fa-bullseye\"><\/i>\n      <\/div>\n            <h5 class=\"featured-item-title\">Misi\u00f3n<\/h5>\n      <p class=\"featured-content\">Ayudar a todas las personas con problemas de adicciones, coadyuvando en el restablecimiento del bienestar f\u00edsico, mental y espiritual del usuario y de su familia.<\/p>\n    <\/div>\n\n  \n  [\/vc_column_inner][vc_column_inner width=\u00bb1\/3&#8243;]\n    <div class=\"dustrial-picons-69e46cd275e8e text-center featured-item wow fadeInUp\">\n            <div class=\"featured-icon\">\n        <i class=\"dustrial-icon fa fa-flag\"><\/i>\n      <\/div>\n            <h5 class=\"featured-item-title\">Visi\u00f3n<\/h5>\n      <p class=\"featured-content\">Ser la mejor cl\u00ednica en la implementaci\u00f3n de estrategias de prevenci\u00f3n y en el tratamiento profesional de adicciones.<\/p>\n    <\/div>\n\n  \n  [\/vc_column_inner][vc_column_inner width=\u00bb1\/3&#8243;]\n    <div class=\"dustrial-picons-69e46cd275ea0 text-center featured-item wow fadeInUp\">\n            <div class=\"featured-icon\">\n        <i class=\"dustrial-icon fa fa-user-plus\"><\/i>\n      <\/div>\n            <h5 class=\"featured-item-title\">Valores<\/h5>\n      <p class=\"featured-content\"><\/p>\n    <\/div>\n\n  \n  [vc_column_text css=\u00bb\u00bb]<\/p>\n<p style=\"text-align: center;\">\u2022 Respeto<\/p>\n<p style=\"text-align: center;\">\u2022 Honestidad<\/p>\n<p style=\"text-align: center;\">\u2022 Inregridad<\/p>\n<p style=\"text-align: center;\">\u2022 Privacidad<\/p>\n<p>[\/vc_column_text][\/vc_column_inner][\/vc_row_inner][\/vc_column][\/vc_row][vc_row full_width=\u00bbstretch_row\u00bb css_animation=\u00bbfadeInLeft\u00bb css=\u00bb.vc_custom_1768346873598{margin-right: 0px !important;margin-left: 0px !important;padding-top: 96px !important;padding-bottom: 0px !important;background-color: #fafafa !important;}\u00bb el_class=\u00bbprogress_bg\u00bb el_id=\u00bbservicios\u00bb][vc_column css=\u00bb.vc_custom_1680762816489{padding-top: 0px !important;padding-bottom: 100px !important;padding-left: 0px !important;}\u00bb]\n    <div class=\" dustrial-stitle-69e46cd275eb0 section-title  wow fadeInUp\">\n              <div class=\"section-thumb\"><img decoding=\"async\" src=\"https:\/\/www.isakiprovidencial.com\/wp-content\/uploads\/2019\/01\/title-icon-1-2.png\" alt=\"title icon\"><\/div>\n            <div class=\"section-body \">\n        <h6 class=\"sub-title activeColor\">Nuestros<\/h6>\n        <h3 class=\"m-0 main-title\">Servicios<\/h3>\n      <\/div>\n    <\/div>\n\n  [vc_row_inner][vc_column_inner width=\u00bb1\/4&#8243;][vc_single_image image=\u00bb2353&#8243; img_size=\u00bbfull\u00bb alignment=\u00bbcenter\u00bb css=\u00bb\u00bb][vc_column_text css=\u00bb\u00bb]<\/p>\n<h3 style=\"text-align: center;\"><span style=\"color: #00caf2;\">Rehabilitaci\u00f3n Integral para Adicciones<\/span><\/h3>\n<p style=\"text-align: justify;\">Atenci\u00f3n personalizada para personas con problemas de adicci\u00f3n a sustancias como alcohol, drogas o medicamentos. Se trabaja desde un enfoque cl\u00ednico, humano y emocional.<\/p>\n<p>[\/vc_column_text][\/vc_column_inner][vc_column_inner width=\u00bb1\/4&#8243;][vc_single_image image=\u00bb2409&#8243; img_size=\u00bbfull\u00bb alignment=\u00bbcenter\u00bb css=\u00bb\u00bb][vc_column_text css=\u00bb\u00bb]<\/p>\n<h3 style=\"text-align: center;\"><span style=\"color: #00caf2;\">Tratamiento de Salud Mental<\/span><\/h3>\n<p style=\"text-align: justify;\">Apoyo profesional para trastornos de ansiedad, depresi\u00f3n y otras condiciones que afectan el bienestar mental y emocional del paciente y su entorno.<\/p>\n<p>[\/vc_column_text][\/vc_column_inner][vc_column_inner width=\u00bb1\/4&#8243;][vc_single_image image=\u00bb2408&#8243; img_size=\u00bbfull\u00bb alignment=\u00bbcenter\u00bb css=\u00bb\u00bb][vc_column_text css=\u00bb\u00bb]<\/p>\n<h3 style=\"text-align: center;\"><span style=\"color: #00caf2;\">Terapia Familiar<\/span><\/h3>\n<p style=\"text-align: justify;\">Acompa\u00f1amiento a las familias con el objetivo de reconstruir v\u00ednculos y generar entornos seguros, funcionales y emp\u00e1ticos para el proceso de recuperaci\u00f3n.<\/p>\n<p>[\/vc_column_text][\/vc_column_inner][vc_column_inner width=\u00bb1\/4&#8243;][vc_single_image image=\u00bb2407&#8243; img_size=\u00bbfull\u00bb alignment=\u00bbcenter\u00bb css=\u00bb\u00bb][vc_column_text css=\u00bb\u00bb]<\/p>\n<h3 style=\"text-align: center;\"><span style=\"color: #00caf2;\">Intervenci\u00f3n en Crisis<\/span><\/h3>\n<p style=\"text-align: justify;\">Atenci\u00f3n inmediata para situaciones cr\u00edticas donde se necesita orientaci\u00f3n profesional para evitar que el problema escale o se agrave.<\/p>\n<p>[\/vc_column_text][\/vc_column_inner][\/vc_row_inner][\/vc_column][\/vc_row][vc_row full_width=\u00bbstretch_row\u00bb css=\u00bb.vc_custom_1768333259494{padding-top: 75px !important;padding-bottom: 80px !important;background-image: url(https:\/\/www.isakiprovidencial.com\/wp-content\/uploads\/2026\/01\/imgn_becas_contra_adicciones_aguascalientes.jpg?id=2360) !important;background-position: center !important;background-repeat: no-repeat !important;background-size: cover !important;}\u00bb el_class=\u00bbcall-to-action bg-black-overlay\u00bb][vc_column css=\u00bb.vc_custom_1680762786362{padding-top: 0px !important;padding-right: 0px !important;padding-left: 0px !important;}\u00bb] \n    <div class=\"call-to-action-sections default-style text-center\">\n      <div class=\"call_to_action_title wow fadeInUp\">\n        <h2>Becas y Facilidades de Ingreso<\/h2>\n        <p>Sabemos que tomar la decisi\u00f3n es dif\u00edcil, por eso ofrecemos becas parciales y opciones accesibles de admisi\u00f3n para que nadie se quede sin ayuda.<\/p>\n      <\/div>\n      <div class=\"call_to_action_btns wow fadeInUp\">\n        <a href=\"#contacto\" class=\"btn call_to_action_btn\">Contacto<\/a>\n      <\/div>\n    <\/div>\n  \n[\/vc_column][\/vc_row][vc_row css=\u00bb.vc_custom_1768347064896{padding-top: 97px !important;padding-bottom: 70px !important;}\u00bb el_id=\u00bbgaleria\u00bb][vc_column][vc_row_inner][vc_column_inner]\n    <div class=\" dustrial-stitle-69e46cd275f0e section-title  wow fadeIn\">\n              <div class=\"section-thumb\"><img decoding=\"async\" src=\"https:\/\/www.isakiprovidencial.com\/wp-content\/uploads\/2019\/01\/title-icon-1-2.png\" alt=\"title icon\"><\/div>\n            <div class=\"section-body \">\n        <h6 class=\"sub-title activeColor\">Isaki Providencial<\/h6>\n        <h3 class=\"m-0 main-title\">Galer\u00eda<\/h3>\n      <\/div>\n    <\/div>\n\n  [\/vc_column_inner][\/vc_row_inner][vc_row_inner][vc_column_inner][vc_media_grid element_width=\u00bb3&#8243; css=\u00bb\u00bb grid_id=\u00bbvc_gid:1768511775870-8f52245a-210f-7&#8243; include=\u00bb2363,2364,2365,2366,2367,2368,2369,2370,2371,2372,2373,2374&#8243;][\/vc_column_inner][\/vc_row_inner][\/vc_column][\/vc_row][vc_row full_width=\u00bbstretch_row\u00bb css=\u00bb.vc_custom_1768347079222{margin-right: 0px !important;margin-left: 0px !important;padding-top: 70px !important;padding-bottom: 70px !important;background-color: #FAFAFA !important;}\u00bb el_class=\u00bbprogress_bg\u00bb el_id=\u00bbcontacto\u00bb][vc_column width=\u00bb1\/2&#8243; css=\u00bb.vc_custom_1545993051075{padding-top: 26px !important;padding-bottom: 30px !important;}\u00bb][vc_row_inner][vc_column_inner]\n    <div class=\" dustrial-stitle-69e46cd275f48 section-title  wow fadeInUp\">\n              <div class=\"section-thumb\"><img decoding=\"async\" src=\"https:\/\/www.isakiprovidencial.com\/wp-content\/uploads\/2019\/01\/title-icon-1-2.png\" alt=\"title icon\"><\/div>\n            <div class=\"section-body \">\n        <h6 class=\"sub-title activeColor\">Datos de<\/h6>\n        <h3 class=\"m-0 main-title\">Contacto<\/h3>\n      <\/div>\n    <\/div>\n\n  [vc_column_text css_animation=\u00bbfadeIn\u00bb css=\u00bb.vc_custom_1768336244540{margin-bottom: 0px !important;}\u00bb]<\/p>\n<p class=\"request-content mb-4\"><strong class=\"activeColor\">Direcci\u00f3n:<\/strong> Carretera tanque de los Jim\u00e9nez #114 la providencia, 20375 Aguascalientes, Ags. Mx.<br \/>\n<strong class=\"activeColor\">Tel\u00e9f\u00f3no: <\/strong>449 253 6172<br \/>\n<strong class=\"activeColor\">Email: <\/strong>isakiprovidencial@yahoo.com.mx<\/p>\n<p>[\/vc_column_text][\/vc_column_inner][\/vc_row_inner][vc_row_inner][vc_column_inner width=\u00bb1\/4&#8243;][vc_icon icon_fontawesome=\u00bbfa fa-brands fa-facebook\u00bb color=\u00bbcustom\u00bb align=\u00bbcenter\u00bb css=\u00bb\u00bb custom_color=\u00bb#F6F604&#8243; link=\u00bburl:https%3A%2F%2Fwww.facebook.com%2FIsaki.providencial|target:_blank\u00bb][\/vc_column_inner][vc_column_inner width=\u00bb1\/4&#8243;][vc_icon icon_fontawesome=\u00bbfa fa-brands fa-square-instagram\u00bb color=\u00bbcustom\u00bb align=\u00bbcenter\u00bb css=\u00bb\u00bb custom_color=\u00bb#F6F604&#8243; link=\u00bburl:https%3A%2F%2Fwww.instagram.com%2Fisaki_providencial%2F|target:_blank\u00bb][\/vc_column_inner][vc_column_inner width=\u00bb1\/4&#8243;][\/vc_column_inner][vc_column_inner width=\u00bb1\/4&#8243;][\/vc_column_inner][\/vc_row_inner][vc_row_inner][vc_column_inner][vc_goo_maps location=\u00bbCl\u00ednica en adicciones y trastornos Isaki\u00bb css=\u00bb\u00bb][\/vc_column_inner][\/vc_row_inner][\/vc_column][vc_column width=\u00bb1\/2&#8243; css=\u00bb.vc_custom_1545993399055{padding-top: 26px !important;padding-bottom: 30px !important;}\u00bb][vc_row_inner][vc_column_inner]\n    <div class=\" dustrial-stitle-69e46cd275f7e section-title  wow fadeInUp\">\n              <div class=\"section-thumb\"><img decoding=\"async\" src=\"https:\/\/www.isakiprovidencial.com\/wp-content\/uploads\/2019\/01\/title-icon-1-2.png\" alt=\"title icon\"><\/div>\n            <div class=\"section-body \">\n        <h6 class=\"sub-title activeColor\">Formulario de<\/h6>\n        <h3 class=\"m-0 main-title\">Contacto<\/h3>\n      <\/div>\n    <\/div>\n\n  \n<div class=\"wpcf7 no-js\" id=\"wpcf7-f2385-o1\" lang=\"en-US\" dir=\"ltr\" data-wpcf7-id=\"2385\">\n<div class=\"screen-reader-response\"><p role=\"status\" aria-live=\"polite\" aria-atomic=\"true\"><\/p> <ul><\/ul><\/div>\n<form action=\"\/index.php?rest_route=%2Fwp%2Fv2%2Fpages%2F2322#wpcf7-f2385-o1\" method=\"post\" class=\"wpcf7-form init\" aria-label=\"Contact form\" novalidate=\"novalidate\" data-status=\"init\">\n<fieldset class=\"hidden-fields-container\"><input type=\"hidden\" name=\"_wpcf7\" value=\"2385\" \/><input type=\"hidden\" name=\"_wpcf7_version\" value=\"6.1.4\" \/><input type=\"hidden\" name=\"_wpcf7_locale\" value=\"en_US\" \/><input type=\"hidden\" name=\"_wpcf7_unit_tag\" value=\"wpcf7-f2385-o1\" \/><input type=\"hidden\" name=\"_wpcf7_container_post\" value=\"0\" \/><input type=\"hidden\" name=\"_wpcf7_posted_data_hash\" value=\"\" \/>\n<\/fieldset>\n<div class=\"contact-feedback-block\">\n\t<div class=\"form-row\">\n\t\t<div class=\"form-group col-md-6 pr-lg-3\">\n\t\t\t<p><span class=\"wpcf7-form-control-wrap\" data-name=\"your-name\"><input size=\"40\" maxlength=\"400\" class=\"wpcf7-form-control wpcf7-text wpcf7-validates-as-required form-control rounded-0\" aria-required=\"true\" aria-invalid=\"false\" placeholder=\"Nombre*\" value=\"\" type=\"text\" name=\"your-name\" \/><\/span>\n\t\t\t<\/p>\n\t\t<\/div>\n\t\t<div class=\"form-group col-md-6\">\n\t\t\t<p><span class=\"wpcf7-form-control-wrap\" data-name=\"last-name\"><input size=\"40\" maxlength=\"400\" class=\"wpcf7-form-control wpcf7-text wpcf7-validates-as-required form-control rounded-0\" aria-required=\"true\" aria-invalid=\"false\" placeholder=\"Apellido*\" value=\"\" type=\"text\" name=\"last-name\" \/><\/span>\n\t\t\t<\/p>\n\t\t<\/div>\n\t\t<div class=\"form-group col-md-6 pr-lg-3\">\n\t\t\t<p><span class=\"wpcf7-form-control-wrap\" data-name=\"your-email\"><input size=\"40\" maxlength=\"400\" class=\"wpcf7-form-control wpcf7-email wpcf7-validates-as-required wpcf7-text wpcf7-validates-as-email form-control rounded-0\" aria-required=\"true\" aria-invalid=\"false\" placeholder=\"Email\" value=\"\" type=\"email\" name=\"your-email\" \/><\/span>\n\t\t\t<\/p>\n\t\t<\/div>\n\t\t<div class=\"form-group col-md-6\">\n\t\t\t<p><span class=\"wpcf7-form-control-wrap\" data-name=\"your-phone\"><input size=\"40\" maxlength=\"400\" class=\"wpcf7-form-control wpcf7-text wpcf7-validates-as-required form-control rounded-0\" aria-required=\"true\" aria-invalid=\"false\" placeholder=\"Tel\u00e9fono\" value=\"\" type=\"text\" name=\"your-phone\" \/><\/span>\n\t\t\t<\/p>\n\t\t<\/div>\n\t<\/div>\n\t<div class=\"form-group\">\n\t\t<p><span class=\"wpcf7-form-control-wrap\" data-name=\"your-address\"><textarea cols=\"80\" rows=\"5\" maxlength=\"2000\" class=\"wpcf7-form-control wpcf7-textarea form-control rounded-0\" aria-invalid=\"false\" placeholder=\"Escribe tu direcci\u00f3n completa...\" name=\"your-address\"><\/textarea><\/span>\n\t\t<\/p>\n\t<\/div>\n\t<div class=\"form-group\">\n\t\t<p><span class=\"wpcf7-form-control-wrap\" data-name=\"your-message\"><textarea cols=\"80\" rows=\"5\" maxlength=\"2000\" class=\"wpcf7-form-control wpcf7-textarea form-control rounded-0\" aria-invalid=\"false\" placeholder=\"Mensaje adicional...\" name=\"your-message\"><\/textarea><\/span>\n\t\t<\/p>\n\t<\/div>\n\t<div class=\"form-group col-md-12\">\n\t\t<p><span class=\"wpcf7-form-control-wrap\" data-name=\"acceptance-912\"><span class=\"wpcf7-form-control wpcf7-acceptance optional\"><span class=\"wpcf7-list-item\"><label><input type=\"checkbox\" name=\"acceptance-912\" value=\"1\" aria-invalid=\"false\" \/><span class=\"wpcf7-list-item-label\">Estoy interesado en recibir informaci\u00f3n sobre becas y procesos de ingreso.<\/span><\/label><\/span><\/span><\/span>\n\t\t<\/p>\n\t<\/div>\n\t<p><span class=\"wpcf7-form-control-wrap bwscaptcha-231\"><p class=\"cptch_block\"><span class=\"cptch_wrap cptch_math_actions\">\n\t\t\t\t<label class=\"cptch_label\" for=\"cptch_input_54\"><span class=\"cptch_span\"><input id=\"cptch_input_54\" class=\"cptch_input wpcf7-form-control wpcf7-bwscaptcha\" type=\"text\" autocomplete=\"off\" name=\"bwscaptcha-231\" value=\"\" maxlength=\"2\" size=\"2\" aria-required=\"true\" required=\"required\" style=\"margin-bottom:0;display:inline;font-size: 12px;width: 40px;\" \/><\/span>\n\t\t\t\t\t<span class=\"cptch_span\">&nbsp;&#43;&nbsp;<\/span>\n\t\t\t\t\t<span class=\"cptch_span\">9<\/span>\n\t\t\t\t\t<span class=\"cptch_span\">&nbsp;=&nbsp;<\/span>\n\t\t\t\t\t<span class=\"cptch_span\">11<\/span>\n\t\t\t\t\t<input type=\"hidden\" name=\"bwscaptcha-231-cptch_result\" value=\"0V4=\" \/><input type=\"hidden\" name=\"cptch_time\" value=\"1776577746\" \/>\n\t\t\t\t\t<input type=\"hidden\" name=\"cptch_form\" value=\"cf7_contact\" \/>\n\t\t\t\t<\/label><span class=\"cptch_reload_button_wrap hide-if-no-js\">\n\t\t\t\t\t<noscript>\n\t\t\t\t\t\t<style type=\"text\/css\">\n\t\t\t\t\t\t\t.hide-if-no-js {\n\t\t\t\t\t\t\t\tdisplay: none !important;\n\t\t\t\t\t\t\t}\n\t\t\t\t\t\t<\/style>\n\t\t\t\t\t<\/noscript>\n\t\t\t\t\t<span class=\"cptch_reload_button dashicons dashicons-update\"><\/span>\n\t\t\t\t<\/span><\/span><\/p><\/span><br \/>\n<button type=\"submit\" class=\"get_quote_btn\">Enviar<\/button>\n\t<\/p>\n<\/div><div class=\"wpcf7-response-output\" aria-hidden=\"true\"><\/div>\n<\/form>\n<\/div>\n[\/vc_column_inner][\/vc_row_inner][\/vc_column][\/vc_row]<\/p>\n<\/div>","protected":false},"excerpt":{"rendered":"<p>[vc_row full_width=\u00bbstretch_row_content_no_spaces\u00bb css=\u00bb.vc_custom_1768346804717{padding-right: 0px !important;padding-left: 0px !important;}\u00bb el_id=\u00bbinicio\u00bb][vc_column css=\u00bb.vc_custom_1545907131529{margin-bottom: 0px !important;padding-right: 0px !important;padding-left: 0px !important;}\u00bb][\/vc_column][\/vc_row][vc_row css=\u00bb.vc_custom_1768346822953{padding-top: 100px !important;padding-bottom: 66px !important;}\u00bb el_class=\u00bbresponsive-cols\u00bb el_id=\u00bbnosotros\u00bb][vc_column width=\u00bb1\/2&#8243; el_id=\u00bbpromo-images\u00bb el_class=\u00bbpromo-images\u00bb][vc_single_image image=\u00bb2348&#8243; img_size=\u00bbfull\u00bb css_animation=\u00bbfadeInLeft\u00bb css=\u00bb\u00bb el_class=\u00bbrespons-cols\u00bb][\/vc_column][vc_column width=\u00bb1\/2&#8243; css=\u00bb.vc_custom_1547117873834{padding-top: 37px !important;}\u00bb el_class=\u00bbwelcome-area-section\u00bb][vc_row_inner css=\u00bb.vc_custom_1544253842356{padding-top: 7px !important;}\u00bb][vc_column_inner][vc_column_text css=\u00bb\u00bb] En Isaki Providencial creemos que s\u00ed es posible comenzar de nuevo. Somos una cl\u00ednica de rehabilitaci\u00f3n [&hellip;]<\/p>\n","protected":false},"author":1,"featured_media":0,"parent":0,"menu_order":0,"comment_status":"closed","ping_status":"closed","template":"page-template\/blank-page.php","meta":{"_monsterinsights_skip_tracking":false,"_monsterinsights_sitenote_active":false,"_monsterinsights_sitenote_note":"","_monsterinsights_sitenote_category":0,"footnotes":""},"class_list":["post-2322","page","type-page","status-publish","hentry"],"_links":{"self":[{"href":"https:\/\/www.isakiprovidencial.com\/index.php?rest_route=\/wp\/v2\/pages\/2322","targetHints":{"allow":["GET"]}}],"collection":[{"href":"https:\/\/www.isakiprovidencial.com\/index.php?rest_route=\/wp\/v2\/pages"}],"about":[{"href":"https:\/\/www.isakiprovidencial.com\/index.php?rest_route=\/wp\/v2\/types\/page"}],"author":[{"embeddable":true,"href":"https:\/\/www.isakiprovidencial.com\/index.php?rest_route=\/wp\/v2\/users\/1"}],"replies":[{"embeddable":true,"href":"https:\/\/www.isakiprovidencial.com\/index.php?rest_route=%2Fwp%2Fv2%2Fcomments&post=2322"}],"version-history":[{"count":42,"href":"https:\/\/www.isakiprovidencial.com\/index.php?rest_route=\/wp\/v2\/pages\/2322\/revisions"}],"predecessor-version":[{"id":2410,"href":"https:\/\/www.isakiprovidencial.com\/index.php?rest_route=\/wp\/v2\/pages\/2322\/revisions\/2410"}],"wp:attachment":[{"href":"https:\/\/www.isakiprovidencial.com\/index.php?rest_route=%2Fwp%2Fv2%2Fmedia&parent=2322"}],"curies":[{"name":"wp","href":"https:\/\/api.w.org\/{rel}","templated":true}]}}